{"id":153,"date":"2020-03-03T21:47:09","date_gmt":"2020-03-03T21:47:09","guid":{"rendered":"https:\/\/www.escolatecnos.cat\/biogeo\/?page_id=153"},"modified":"2020-03-03T22:02:27","modified_gmt":"2020-03-03T22:02:27","slug":"lautor-del-blog","status":"publish","type":"page","link":"https:\/\/www.escolatecnos.cat\/biogeo\/index.php\/lautor-del-blog\/","title":{"rendered":"L&#8217;autor del blog"},"content":{"rendered":"\n<p>El meu nom \u00e9s <strong>Cesc Ayora Torres<\/strong>. S\u00f3c llicenciat en Biologia per la Universitat de Barcelona, on em vaig especialitzar en Microbiologia (Biologia Sanit\u00e0ria) l&#8217;any 2008. Des de l&#8217;any 2009 exerceixo de professor de Biologia i Geologia a l&#8217;<a href=\"http:\/\/www.escolatecnos.cat\/\">Escola Tecnos<\/a>, una cooperativa de mestres de Terrassa. La doc\u00e8ncia ha estat sempre la meva vocaci\u00f3 i per aix\u00f2 em considero molt afortunat de poder treballar cada dia en el que m\u00e9s m&#8217;agrada i m&#8217;apassiona: l&#8217;ensenyament de la Biologia i la formaci\u00f3 de nous ciutadans capa\u00e7os de canviar el M\u00f3n.<\/p>\n\n\n\n<p>Obro aquest blog, sota el t\u00edtol &#8220;Que ruli el plasmidi!&#8221; el 3 de mar\u00e7 de 2020 perqu\u00e8 em ve de gust. Amb la intenci\u00f3, aix\u00f2 s\u00ed, que es converteixi en un espai on compartir recursos, debats i respostes amb els meus alumnes i amb tothom qui tingui inter\u00e8s per la Biologia, aix\u00ed com tamb\u00e9 amb la voluntat d&#8217;endre\u00e7ar i intercanviar idees amb companys i companyes docents per tal de fer Xarxa i, entre tots, poder fer-nos millors cada dia. <\/p>\n\n\n\n<p class=\"has-text-align-right\"><em>Cesc Ayora Torres<\/em><br><a href=\"mailto:cayora@tecnos.cat\">cayora@tecnos.cat<\/a><\/p>\n\n\n\n<p><\/p>\n","protected":false},"excerpt":{"rendered":"<p>El meu nom \u00e9s Cesc Ayora Torres. S\u00f3c llicenciat en Biologia per la Universitat de Barcelona, on em vaig especialitzar en Microbiologia (Biologia Sanit\u00e0ria) l&#8217;any 2008. Des de l&#8217;any 2009 exerceixo de professor de Biologia i Geologia a l&#8217;Escola Tecnos, una cooperativa de mestres de Terrassa. La doc\u00e8ncia ha estat sempre la meva vocaci\u00f3 i &#8230; <a title=\"L&#8217;autor del blog\" class=\"read-more\" href=\"https:\/\/www.escolatecnos.cat\/biogeo\/index.php\/lautor-del-blog\/\" aria-label=\"M\u00e9s sobre L&#8217;autor del blog\">Llegiu m\u00e9s<\/a><\/p>\n","protected":false},"author":1,"featured_media":0,"parent":0,"menu_order":0,"comment_status":"closed","ping_status":"closed","template":"","meta":{"footnotes":""},"_links":{"self":[{"href":"https:\/\/www.escolatecnos.cat\/biogeo\/index.php\/wp-json\/wp\/v2\/pages\/153"}],"collection":[{"href":"https:\/\/www.escolatecnos.cat\/biogeo\/index.php\/wp-json\/wp\/v2\/pages"}],"about":[{"href":"https:\/\/www.escolatecnos.cat\/biogeo\/index.php\/wp-json\/wp\/v2\/types\/page"}],"author":[{"embeddable":true,"href":"https:\/\/www.escolatecnos.cat\/biogeo\/index.php\/wp-json\/wp\/v2\/users\/1"}],"replies":[{"embeddable":true,"href":"https:\/\/www.escolatecnos.cat\/biogeo\/index.php\/wp-json\/wp\/v2\/comments?post=153"}],"version-history":[{"count":6,"href":"https:\/\/www.escolatecnos.cat\/biogeo\/index.php\/wp-json\/wp\/v2\/pages\/153\/revisions"}],"predecessor-version":[{"id":160,"href":"https:\/\/www.escolatecnos.cat\/biogeo\/index.php\/wp-json\/wp\/v2\/pages\/153\/revisions\/160"}],"wp:attachment":[{"href":"https:\/\/www.escolatecnos.cat\/biogeo\/index.php\/wp-json\/wp\/v2\/media?parent=153"}],"curies":[{"name":"wp","href":"https:\/\/api.w.org\/{rel}","templated":true}]}}